{"id":79,"date":"2025-10-27T10:27:00","date_gmt":"2025-10-27T08:27:00","guid":{"rendered":"https:\/\/koirangeenit.fi\/?page_id=79"},"modified":"2025-12-17T16:26:58","modified_gmt":"2025-12-17T14:26:58","slug":"tutkimusryhma","status":"publish","type":"page","link":"https:\/\/koirangeenit.fi\/en\/tutkimusryhma\/","title":{"rendered":"Research group"},"content":{"rendered":"<h2 class=\"wp-block-heading\">Our lab<\/h2>\n\n\n\n<p class=\"wp-block-paragraph\">Our research laboratory is located at the Meilahti campus, Biomedicum Helsinki, at the following address:<\/p>\n\n\n\n<p class=\"wp-block-paragraph\">Biomedicum 1&nbsp;Helsinki<br>Haartmaninkatu 8<br>00290 Helsinki,\nFinland<\/p>\n\n\n\n<p class=\"wp-block-paragraph\">Find us on the map: <a href=\"https:\/\/www.google.com\/maps\/place\/Helsingin+yliopisto,+Meilahden+kampus\/@60.190929,24.907327,15z\/data=!4m2!3m1!1s0x0:0x295163ae772c919?hl=en\" target=\"_blank\" rel=\"noreferrer noopener\">map<\/a> \/ <a href=\"http:\/\/maps.google.com\/maps?f=q&amp;source=s_q&amp;hl=en&amp;geocode=&amp;q=Meilahden+sairaala,+Haartmaninkatu,+Helsinki,+Finland&amp;aq=0&amp;sll=60.200889,24.899335&amp;sspn=0.122333,0.528374&amp;ie=UTF8&amp;hq=Meilahden+sairaala,+Haartmaninkatu,&amp;hnear=Helsinki,+Finland&amp;ll=60.191207,24.906693&amp;spn=0.121686,0.528374&amp;z=12&amp;layer=c&amp;cbll=60.190929,24.907327&amp;panoid=ebsDBSEvBeGfBvq-VndA2Q&amp;cbp=12,241.25,,0,-9.28\" target=\"_blank\" rel=\"noreferrer noopener\">street view<\/a><\/p>\n\n\n\n<p class=\"wp-block-paragraph\">tel. +358 504160508<\/p>\n\n\n\n<p class=\"wp-block-paragraph\">More infomation about research:<a href=\"mailto:lgl-kyselyt@helsinki.fi\" target=\"_blank\" rel=\"noreferrer noopener\">&nbsp;lgl-kyselyt@helsinki.fi<\/a><\/p>\n\n\n\n<p class=\"wp-block-paragraph\">More information about behavior research: lohi-kaytostutkimus@helsinki.fi <\/p>\n\n\n\n<p class=\"wp-block-paragraph\">Please send personal information only via a secure,&nbsp;<a href=\"https:\/\/securemail.helsinki.fi\/\">confidential email!<\/a>!<\/p>\n\n\n\n<h2 class=\"wp-block-heading\">Researchers and contact information<\/h2>\n\n\n\n<figure class=\"wp-block-table\"><table class=\"has-fixed-layout\"><tbody><tr><td>Hannes Lohi, prof.<\/td><td>PI of the research group<\/td><td>hannes.lohi@helsinki.fi, 0294125085<\/td><\/tr><tr><td>Marjo Hyt\u00f6nen, PhD, docent<\/td><td>Co-PI of the research group<\/td><td>marjo.hytonen@helsinki.fi, 0294125779<\/td><\/tr><tr><td>Tiina Harmas, MSc, Animal breeding and genetics<\/td><td>doctoral researcher, neurological disorders and multifactorial traits<\/td><td>tiina.heinonen@helsinki.fi<\/td><\/tr><tr><td>Sara Mikkonen, MSc, Genetics<\/td><td>doctoral researcher, eye diseases<\/td><td>sara.mikkonen@helsinki.fi<\/td><\/tr><tr><td>Noora Salokorpi, MSc, Bioinformatics<\/td><td>doctoral researcher, dental diseases and hearing loss<\/td><td>noora.salokorpi@helsinki.fi<\/td><\/tr><tr><td>Heidi Peltonen, MSc, Molecular medicine<\/td><td>doctoral researcher, heart and dental diseases<\/td><td>heidi.peltonen@helsinki.fi<\/td><\/tr><tr><td>Aada St\u00e5hl, MA, Psychology<\/td><td>doctoral researcher, human-animal bond, behaviour<\/td><td>aada.stahl@helsinki.fi<\/td><\/tr><tr><td>Minna Ikonen, DVM, MSc (technology), Bioinformatics<\/td><td>doctoral researcher, dog and wolf brains<\/td><td>minna.e.ikonen@helsinki.fi<\/td><\/tr><tr><td>Sruthi Hundi, MSc, Bioinformatics<\/td><td>doctoral researcher, pharmacogenomics<\/td><td>sruthi.hundi@helsinki.fi<\/td><\/tr><tr><td>Janika Juusola, BVM<\/td><td>doctoral researcher, eye diseases<\/td><td>janika.juusola@helsinki.fi<\/td><\/tr><tr><td>Inka V\u00e4h\u00e4m\u00e4ki, MSc, Genetics<\/td><td>doctoral researcher, eye diseases<\/td><td>inka.pettinen@helsinki.fi<\/td><\/tr><tr><td>Sini Karjalainen<\/td><td>laboratory technician<\/td><td>sini.karjalainen@helsinki.fi<\/td><\/tr><tr><td>Santeri Suokas<\/td><td>research technician<\/td><td>santeri.suokas@helsinki.fi<\/td><\/tr><\/tbody><\/table><\/figure>\n\n\n\n<figure class=\"wp-block-image size-large wp-duotone-unset-1\"><img data-recalc-dims=\"1\" loading=\"lazy\" decoding=\"async\" width=\"6000\" height=\"4000\" data-attachment-id=\"405\" data-permalink=\"https:\/\/koirangeenit.fi\/en\/tutkimusryhma\/companionanimaldiseasemodels_group_photo2\/\" data-orig-file=\"https:\/\/i0.wp.com\/koirangeenit.fi\/wp-content\/uploads\/2025\/11\/companionanimaldiseasemodels_group_photo2.jpg?fit=6000%2C4000&amp;ssl=1\" data-orig-size=\"6000,4000\" data-comments-opened=\"1\" data-image-meta=\"{&quot;aperture&quot;:&quot;5.6&quot;,&quot;credit&quot;:&quot;MIKKO KAEKELAE\\rmikko@laatukuva.f&quot;,&quot;camera&quot;:&quot;Canon EOS R3&quot;,&quot;caption&quot;:&quot;&quot;,&quot;created_timestamp&quot;:&quot;1744014702&quot;,&quot;copyright&quot;:&quot;All rights reserved. www.laatukuva.fi&quot;,&quot;focal_length&quot;:&quot;35&quot;,&quot;iso&quot;:&quot;1600&quot;,&quot;shutter_speed&quot;:&quot;0.01&quot;,&quot;title&quot;:&quot;&quot;,&quot;orientation&quot;:&quot;0&quot;}\" data-image-title=\"CompanionAnimalDiseaseModels_group_photo2\" data-image-description=\"\" data-image-caption=\"\" data-large-file=\"https:\/\/i0.wp.com\/koirangeenit.fi\/wp-content\/uploads\/2025\/11\/companionanimaldiseasemodels_group_photo2.jpg?fit=1024%2C683&amp;ssl=1\" src=\"https:\/\/i0.wp.com\/koirangeenit.fi\/wp-content\/uploads\/2025\/11\/companionanimaldiseasemodels_group_photo2.jpg?resize=6000%2C4000&#038;ssl=1\" alt=\"\" class=\"wp-image-405\" \/><\/figure>","protected":false},"excerpt":{"rendered":"<p>Laboratorio Ryhm\u00e4mme tutkimuslaboratorio sijaitsee&nbsp;Meilahden kampuksella Biomedicum Helsingiss\u00e4 osoitteessa: Biomedicum 1&nbsp;HelsinkiHaartmaninkatu 800290 Helsinki L\u00f6yd\u00e4 meid\u00e4t kartalta: Karttan\u00e4kym\u00e4 \/ Katun\u00e4kym\u00e4 puh. 050 4160508 tai 02941 25602 Lis\u00e4tietoja ryhm\u00e4n tutkimuksista:&nbsp;lgl-kyselyt@helsinki.fi Lis\u00e4tietoja k\u00e4ytt\u00e4ytymistutkimuksista:&nbsp;lohi-kaytostutkimus@helsinki.fi L\u00e4het\u00e4th\u00e4n henkil\u00f6tietoja vain&nbsp;luottamuksellisella s\u00e4hk\u00f6postilla! Tutkijat ja yhteystiedot Hannes Lohi, prof. tutkimusryhm\u00e4n johtaja hannes.lohi@helsinki.fi, 0294125085 Marjo Hyt\u00f6nen, FT, dos. tutkimusryhm\u00e4n apujohtaja marjo.hytonen@helsinki.fi, 0294125779 Tiina Harmas, MMM, jalostustiede [&hellip;]<\/p>","protected":false},"author":214305071,"featured_media":0,"parent":0,"menu_order":0,"comment_status":"closed","ping_status":"closed","template":"","meta":{"_crdt_document":"","advanced_seo_description":"","jetpack_seo_html_title":"","jetpack_seo_noindex":false,"footnotes":""},"class_list":["post-79","page","type-page","status-publish","hentry"],"jetpack_likes_enabled":true,"jetpack_sharing_enabled":true,"jetpack_shortlink":"https:\/\/wp.me\/PgSGUO-1h","jetpack-related-posts":[],"_links":{"self":[{"href":"https:\/\/koirangeenit.fi\/en\/wp-json\/wp\/v2\/pages\/79","targetHints":{"allow":["GET"]}}],"collection":[{"href":"https:\/\/koirangeenit.fi\/en\/wp-json\/wp\/v2\/pages"}],"about":[{"href":"https:\/\/koirangeenit.fi\/en\/wp-json\/wp\/v2\/types\/page"}],"author":[{"embeddable":true,"href":"https:\/\/koirangeenit.fi\/en\/wp-json\/wp\/v2\/users\/214305071"}],"replies":[{"embeddable":true,"href":"https:\/\/koirangeenit.fi\/en\/wp-json\/wp\/v2\/comments?post=79"}],"version-history":[{"count":12,"href":"https:\/\/koirangeenit.fi\/en\/wp-json\/wp\/v2\/pages\/79\/revisions"}],"predecessor-version":[{"id":780,"href":"https:\/\/koirangeenit.fi\/en\/wp-json\/wp\/v2\/pages\/79\/revisions\/780"}],"wp:attachment":[{"href":"https:\/\/koirangeenit.fi\/en\/wp-json\/wp\/v2\/media?parent=79"}],"curies":[{"name":"wp","href":"https:\/\/api.w.org\/{rel}","templated":true}]}}