{"id":75,"date":"2025-11-05T14:16:02","date_gmt":"2025-11-05T12:16:02","guid":{"rendered":"https:\/\/koirangeenit.fi\/?page_id=75"},"modified":"2026-03-18T12:08:55","modified_gmt":"2026-03-18T10:08:55","slug":"tiedotteet","status":"publish","type":"page","link":"https:\/\/koirangeenit.fi\/en\/tiedotteet\/","title":{"rendered":"News"},"content":{"rendered":"<p class=\"wp-block-paragraph\"><a href=\"https:\/\/www.helsinki.fi\/en\/news\/dogs\/gene-mutations-increase-puppies-older-fathers\" target=\"_blank\" rel=\"noreferrer noopener\">https:\/\/www.helsinki.fi\/en\/news\/dogs\/gene-mutations-increase-puppies-older-fathers<\/a><\/p>\n\n\n\n<p class=\"wp-block-paragraph\"><a href=\"https:\/\/www.helsinki.fi\/en\/faculty-veterinary-medicine\/news\/new-study-unveils-genetic-differences-between-canine-mammary-tumour-subtypes-potential-model-breast-cancer-research\" target=\"_blank\" rel=\"noreferrer noopener\">New study unveils genetic differences between canine mammary tumour subtypes - a potential model for breast cancer research<\/a><\/p>\n\n\n\n<p class=\"wp-block-paragraph\"><a href=\"https:\/\/www.helsinki.fi\/fi\/uutiset\/koirat\/uusi-tyokalu-auttaa-tunnistamaan-koiran-epilepsiakohtauksen\" target=\"_blank\" rel=\"noreferrer noopener\">A new tool helps identify epileptic seizures in dogs (available in Finnish only)<\/a><\/p>\n\n\n\n<p class=\"wp-block-paragraph\"><a href=\"https:\/\/www.helsinki.fi\/en\/news\/one-health\/international-canine-gene-research-database-accelerates-biomedical-research\" target=\"_blank\" rel=\"noreferrer noopener\">International canine gene research database accelerates biomedical research<\/a><\/p>\n\n\n\n<p class=\"wp-block-paragraph\"><a href=\"https:\/\/www.helsinki.fi\/en\/news\/dogs\/dogs-puppyhood-can-cause-puppy-blues-reminiscent-baby-blues\" target=\"_blank\" rel=\"noreferrer noopener\">A dog's puppyhood can cause 'puppy blues' reminiscent of baby blues<\/a><\/p>\n\n\n\n<p class=\"wp-block-paragraph\"><a href=\"https:\/\/www.helsinki.fi\/fi\/uutiset\/koirat\/dobermannien-ja-ihmisen-sydanlihassairauksien-taustalla-samoja-geeneja\" target=\"_blank\" rel=\"noreferrer noopener\">Dobermannien ja ihmisen syd\u00e4nlihassairauksien taustalla samoja geenej\u00e4<\/a><\/p>\n\n\n\n<p class=\"wp-block-paragraph\"><a href=\"https:\/\/www.helsinki.fi\/en\/news\/dogs\/breed-age-and-puppyhood-socialisation-linked-canine-personality\" target=\"_blank\" rel=\"noreferrer noopener\">Breed, age and puppyhood socialisation linked to canine personality<\/a><\/p>\n\n\n\n<p class=\"wp-block-paragraph\"><a href=\"https:\/\/www.helsinki.fi\/fi\/uutiset\/koirat\/koiran-persoonallisuus-liittyy-niiden-kaytosongelmiin-epavarmat-koirat-altteimpia-kaytosongelmille\" target=\"_blank\" rel=\"noreferrer noopener\">A dog\u2019s personality is linked to its behavioral problems \u2013 insecure dogs are more prone to behavioral issues (available in Finnish only)<\/a><\/p>\n\n\n\n<p class=\"wp-block-paragraph\"><a href=\"https:\/\/www.helsinki.fi\/en\/news\/healthier-world\/researchers-identify-gene-causes-canine-hereditary-deafness-puppies\" target=\"_blank\" rel=\"noreferrer noopener\">Researchers identify a gene that causes canine hereditary deafness in puppies<\/a><\/p>\n\n\n\n<p class=\"wp-block-paragraph\"><a href=\"https:\/\/www.helsinki.fi\/en\/news\/life-sciences\/new-blindness-gene-uncovered-canine-study\" target=\"_blank\" rel=\"noreferrer noopener\">A new blindness gene uncovered in a canine study<\/a><\/p>\n\n\n\n<p class=\"wp-block-paragraph\"><a href=\"https:\/\/www.helsinki.fi\/en\/news\/animals\/stressful-environmental-factors-and-behavioural-problems-predispose-dogs-repetitive-behaviour\" target=\"_blank\" rel=\"noreferrer noopener\">Stressful environmental factors and behavioural problems predispose dogs to repetitive behaviour<\/a><\/p>\n\n\n\n<p class=\"wp-block-paragraph\"><a href=\"https:\/\/www.helsinki.fi\/en\/news\/animals\/behaviour-resembling-human-adhd-seen-dogs\" target=\"_blank\" rel=\"noreferrer noopener\">Behaviour resembling human ADHD seen in dogs<\/a><\/p>\n\n\n\n<p class=\"wp-block-paragraph\"><a href=\"https:\/\/www.helsinki.fi\/en\/news\/life-sciences\/researchers-discover-new-features-gene-defect-affects-length-muzzle-and-caudal-vertebrae-dogs\" target=\"_blank\" rel=\"noreferrer noopener\">Researchers discover new features of a gene defect that affects the length of the muzzle and caudal vertebrae in dogs<\/a><\/p>\n\n\n\n<p class=\"wp-block-paragraph\"><a href=\"https:\/\/www.helsinki.fi\/en\/news\/life-sciences\/blame-mothers-gene-discovery-blinding-canine-eye-disease-reveals-unprecedented-mode-inheritance\" target=\"_blank\" rel=\"noreferrer noopener\">Blame the mother\u2019s gene: discovery for a blinding canine eye disease reveals an unprecedented mode of inheritance<\/a><\/p>\n\n\n\n<p class=\"wp-block-paragraph\"><a href=\"https:\/\/www.helsinki.fi\/en\/news\/healthier-world\/gene-finding-eradicate-severe-blistering-disorder-skin-found-dogs\" target=\"_blank\" rel=\"noreferrer noopener\">Gene finding to eradicate severe blistering disorder of the skin found in dogs<\/a><\/p>\n\n\n\n<p class=\"wp-block-paragraph\"><a href=\"https:\/\/www.helsinki.fi\/en\/news\/healthier-world\/skeletal-disease-found-karelian-bear-dogs-represents-first-spontaneous-animal-model-human-hypophosphatasia\" target=\"_blank\" rel=\"noreferrer noopener\">Skeletal disease found in Karelian Bear Dogs represents the first spontaneous animal model of human hypophosphatasia<\/a><\/p>\n\n\n\n<p class=\"wp-block-paragraph\"><a href=\"https:\/\/www.helsinki.fi\/en\/news\/healthier-world\/gene-defect-associated-severe-canine-lung-disease-identified-potential-link-pulmonary-issues-occurring-newborn-infants\" target=\"_blank\" rel=\"noreferrer noopener\">A gene defect associated with a severe canine lung disease identified \u2013 Potential link with pulmonary issues occurring in newborn infants<\/a><\/p>\n\n\n\n<p class=\"wp-block-paragraph\"><a href=\"https:\/\/www.helsinki.fi\/en\/news\/healthier-world\/overlapping-genomic-regions-underlie-canine-fearfulness-and-human-mental-disorders\" target=\"_blank\" rel=\"noreferrer noopener\">Overlapping genomic regions underlie canine fearfulness and human mental disorders<\/a><\/p>\n\n\n\n<p class=\"wp-block-paragraph\"><a href=\"https:\/\/www.helsinki.fi\/en\/news\/life-sciences\/bald-gene-finding\" target=\"_blank\" rel=\"noreferrer noopener\">A bald gene finding<\/a><br><\/p>","protected":false},"excerpt":{"rendered":"<p>Vanhemmat is\u00e4t lis\u00e4\u00e4v\u00e4t koiranpentujen geenimutaatioita Koirien maitorauhaskasvaimissa on alatyyppikohtaisia geneettisi\u00e4 eroja &#8211; mahdollisuuksia rintasy\u00f6p\u00e4tutkimuksen edist\u00e4miseen Uusi ty\u00f6kalu auttaa tunnistamaan koiran epilepsiakohtauksen Kansainv\u00e4linen koirien geenitutkimustietokanta vauhdittaa biol\u00e4\u00e4ketieteellist\u00e4 tutkimusta Koiran pentuaika voi aiheuttaa \u201dbaby bluesin\u201d kaltaista \u201dpuppy bluesia\u201d Dobermannien ja ihmisen syd\u00e4nlihassairauksien taustalla samoja geenej\u00e4 Rotu, ik\u00e4 ja pentuajan sosiaalistaminen ovat yhteydess\u00e4 koirien persoonallisuuteen Koiran persoonallisuus liittyy [&hellip;]<\/p>","protected":false},"author":214305071,"featured_media":0,"parent":0,"menu_order":0,"comment_status":"closed","ping_status":"closed","template":"","meta":{"_crdt_document":"","advanced_seo_description":"","jetpack_seo_html_title":"","jetpack_seo_noindex":false,"footnotes":""},"class_list":["post-75","page","type-page","status-publish","hentry"],"jetpack_likes_enabled":true,"jetpack_sharing_enabled":true,"jetpack_shortlink":"https:\/\/wp.me\/PgSGUO-1d","jetpack-related-posts":[],"_links":{"self":[{"href":"https:\/\/koirangeenit.fi\/en\/wp-json\/wp\/v2\/pages\/75","targetHints":{"allow":["GET"]}}],"collection":[{"href":"https:\/\/koirangeenit.fi\/en\/wp-json\/wp\/v2\/pages"}],"about":[{"href":"https:\/\/koirangeenit.fi\/en\/wp-json\/wp\/v2\/types\/page"}],"author":[{"embeddable":true,"href":"https:\/\/koirangeenit.fi\/en\/wp-json\/wp\/v2\/users\/214305071"}],"replies":[{"embeddable":true,"href":"https:\/\/koirangeenit.fi\/en\/wp-json\/wp\/v2\/comments?post=75"}],"version-history":[{"count":7,"href":"https:\/\/koirangeenit.fi\/en\/wp-json\/wp\/v2\/pages\/75\/revisions"}],"predecessor-version":[{"id":1090,"href":"https:\/\/koirangeenit.fi\/en\/wp-json\/wp\/v2\/pages\/75\/revisions\/1090"}],"wp:attachment":[{"href":"https:\/\/koirangeenit.fi\/en\/wp-json\/wp\/v2\/media?parent=75"}],"curies":[{"name":"wp","href":"https:\/\/api.w.org\/{rel}","templated":true}]}}